{"id":174,"date":"2016-03-02T11:44:55","date_gmt":"2016-03-02T10:44:55","guid":{"rendered":"https:\/\/asenger.de\/blog\/?page_id=174"},"modified":"2024-11-12T15:31:33","modified_gmt":"2024-11-12T13:31:33","slug":"impressum-2","status":"publish","type":"page","link":"https:\/\/asenger.de\/blog\/impressum-2\/","title":{"rendered":"Impressum"},"content":{"rendered":"<div class='__iawmlf-post-loop-links' style='display:none;' data-iawmlf-post-links='[{&quot;id&quot;:887,&quot;href&quot;:&quot;http:\\\/\\\/www.e-recht24.de\\\/impressum-generator.html&quot;,&quot;archived_href&quot;:&quot;http:\\\/\\\/web-wp.archive.org\\\/web\\\/20260202145722\\\/https:\\\/\\\/www.e-recht24.de\\\/impressum-generator.html&quot;,&quot;redirect_href&quot;:&quot;&quot;,&quot;checks&quot;:[{&quot;date&quot;:&quot;2026-02-06 23:28:19&quot;,&quot;http_code&quot;:200},{&quot;date&quot;:&quot;2026-02-19 13:58:33&quot;,&quot;http_code&quot;:200},{&quot;date&quot;:&quot;2026-02-23 10:24:47&quot;,&quot;http_code&quot;:200},{&quot;date&quot;:&quot;2026-03-01 12:32:04&quot;,&quot;http_code&quot;:200},{&quot;date&quot;:&quot;2026-03-05 15:13:15&quot;,&quot;http_code&quot;:200},{&quot;date&quot;:&quot;2026-03-17 00:41:48&quot;,&quot;http_code&quot;:200},{&quot;date&quot;:&quot;2026-03-20 13:18:28&quot;,&quot;http_code&quot;:200},{&quot;date&quot;:&quot;2026-03-24 21:14:42&quot;,&quot;http_code&quot;:200},{&quot;date&quot;:&quot;2026-03-28 09:19:36&quot;,&quot;http_code&quot;:200},{&quot;date&quot;:&quot;2026-03-31 16:12:19&quot;,&quot;http_code&quot;:200},{&quot;date&quot;:&quot;2026-04-13 09:56:58&quot;,&quot;http_code&quot;:200},{&quot;date&quot;:&quot;2026-04-16 14:59:12&quot;,&quot;http_code&quot;:200}],&quot;broken&quot;:false,&quot;last_checked&quot;:{&quot;date&quot;:&quot;2026-04-16 14:59:12&quot;,&quot;http_code&quot;:200},&quot;process&quot;:&quot;done&quot;}]'><\/div>\n<h3>Inhaltlich Verantwortlicher gem\u00e4\u00df \u00a7 10 Absatz 3 MDStV:<\/h3>\n<h4>Armin Senger<\/h4>\n<h3><\/h3>\n<h3>Kontakt:<\/h3>\n<table>\n<tbody>\n<tr>\n<td>Telefon:<\/td>\n<td>\u00a0&#8211;<\/td>\n<\/tr>\n<tr>\n<td>E-Mail:<\/td>\n<td>kontakt@asenger.de<\/td>\n<\/tr>\n<\/tbody>\n<\/table>\n<p>&nbsp;<\/p>\n<p>Von pers\u00f6nlichen Besuchen, erst recht von unangek\u00fcndigten, rate ich dringend ab. Es wird konsequent vom Hausrecht Gebrauch gemacht.<\/p>\n<p>Quelle: <em><a href=\"http:\/\/www.e-recht24.de\/impressum-generator.html\" rel=\"nofollow\">http:\/\/www.e-recht24.de<\/a><\/em><\/p>\n<h3>Haftungsausschluss (Disclaimer)<\/h3>\n<p><strong>Haftung f\u00fcr Inhalte<\/strong><\/p>\n<p>Als Diensteanbieter sind wir gem\u00e4\u00df \u00a7 7 Abs.1 TMG f\u00fcr eigene Inhalte auf diesen Seiten nach den allgemeinen Gesetzen verantwortlich. Nach \u00a7\u00a7 8 bis 10 TMG sind wir als Diensteanbieter jedoch nicht verpflichtet, \u00fcbermittelte oder gespeicherte fremde Informationen zu \u00fcberwachen oder nach Umst\u00e4nden zu forschen, die auf eine rechtswidrige T\u00e4tigkeit hinweisen. Verpflichtungen zur Entfernung oder Sperrung der Nutzung von Informationen nach den allgemeinen Gesetzen bleiben hiervon unber\u00fchrt. Eine diesbez\u00fcgliche Haftung ist jedoch erst ab dem Zeitpunkt der Kenntnis einer konkreten Rechtsverletzung m\u00f6glich. Bei Bekanntwerden von entsprechenden Rechtsverletzungen werden wir diese Inhalte umgehend entfernen.<\/p>\n<p><strong>Haftung f\u00fcr Links<\/strong><\/p>\n<p>Unser Angebot enth\u00e4lt Links zu externen Webseiten Dritter, auf deren Inhalte wir keinen Einfluss haben. Deshalb k\u00f6nnen wir f\u00fcr diese fremden Inhalte auch keine Gew\u00e4hr \u00fcbernehmen. F\u00fcr die Inhalte der verlinkten Seiten ist stets der jeweilige Anbieter oder Betreiber der Seiten verantwortlich. Die verlinkten Seiten wurden zum Zeitpunkt der Verlinkung auf m\u00f6gliche Rechtsverst\u00f6\u00dfe \u00fcberpr\u00fcft. Rechtswidrige Inhalte waren zum Zeitpunkt der Verlinkung nicht erkennbar. Eine permanente inhaltliche Kontrolle der verlinkten Seiten ist jedoch ohne konkrete Anhaltspunkte einer Rechtsverletzung nicht zumutbar. Bei Bekanntwerden von Rechtsverletzungen werden wir derartige Links umgehend entfernen.<\/p>\n<p><strong>Urheberrecht<\/strong><\/p>\n<p>Die durch die Seitenbetreiber erstellten Inhalte und Werke auf diesen Seiten unterliegen dem deutschen Urheberrecht. Die Vervielf\u00e4ltigung, Bearbeitung, Verbreitung und jede Art der Verwertung au\u00dferhalb der Grenzen des Urheberrechtes bed\u00fcrfen der schriftlichen Zustimmung des jeweiligen Autors bzw. Erstellers. Downloads und Kopien dieser Seite sind nur f\u00fcr den privaten, nicht kommerziellen Gebrauch gestattet. Soweit die Inhalte auf dieser Seite nicht vom Betreiber erstellt wurden, werden die Urheberrechte Dritter beachtet. Insbesondere werden Inhalte Dritter als solche gekennzeichnet. Sollten Sie trotzdem auf eine Urheberrechtsverletzung aufmerksam werden, bitten wir um einen entsprechenden Hinweis. Bei Bekanntwerden von Rechtsverletzungen werden wir derartige Inhalte umgehend entfernen.<\/p>\n<p><strong>Hinweis f\u00fcr Abmahnversuche<\/strong><\/p>\n<p>Keine Abmahnung ohne vorherigen Kontakt!<br \/>\nSollte der Inhalt oder die Aufmachung dieser Seiten fremde Rechte Dritter oder gesetzliche Bestimmungen verletzen, so bitten wir um eine entsprechende Nachricht ohne Kostennote. Die Beseitigung einer m\u00f6glicherweise von diesen Seiten ausgehenden Schutzrecht-Verletzung durch Schutzrecht-InhaberInnen selbst darf nicht ohne unsere Zustimmung stattfinden.<br \/>\nWir garantieren, dass die zu Recht beanstandeten Passagen unverz\u00fcglich entfernt werden, ohne dass von Ihrer Seite die Einschaltung eines Rechtsbeistandes erforderlich ist. Dennoch von Ihnen ohne vorherige Kontaktaufnahme ausgel\u00f6ste Kosten werden wir vollumf\u00e4nglich zur\u00fcckweisen und gegebenenfalls Gegenklage wegen Verletzung vorgenannter Bestimmungen einreichen. Vielen Dank f\u00fcr Ihr Verst\u00e4ndnis.<\/p>\n","protected":false},"excerpt":{"rendered":"<p>Inhaltlich Verantwortlicher gem\u00e4\u00df \u00a7 10 Absatz 3 MDStV: Armin Senger Kontakt: Telefon: \u00a0&#8211; E-Mail: kontakt@asenger.de &nbsp; Von pers\u00f6nlichen Besuchen, erst recht von unangek\u00fcndigten, rate ich dringend ab. Es wird konsequent vom Hausrecht Gebrauch gemacht. Quelle: http:\/\/www.e-recht24.de Haftungsausschluss (Disclaimer) Haftung f\u00fcr Inhalte Als Diensteanbieter sind wir gem\u00e4\u00df \u00a7 7 Abs.1 TMG <a href=\"https:\/\/asenger.de\/blog\/impressum-2\/\" class=\"btn btn-link continue-link\">Continue Reading<\/a><\/p>\n","protected":false},"author":2,"featured_media":0,"parent":0,"menu_order":5,"comment_status":"closed","ping_status":"closed","template":"","meta":{"footnotes":""},"class_list":["post-174","page","type-page","status-publish","hentry"],"_links":{"self":[{"href":"https:\/\/asenger.de\/blog\/wp-json\/wp\/v2\/pages\/174","targetHints":{"allow":["GET"]}}],"collection":[{"href":"https:\/\/asenger.de\/blog\/wp-json\/wp\/v2\/pages"}],"about":[{"href":"https:\/\/asenger.de\/blog\/wp-json\/wp\/v2\/types\/page"}],"author":[{"embeddable":true,"href":"https:\/\/asenger.de\/blog\/wp-json\/wp\/v2\/users\/2"}],"replies":[{"embeddable":true,"href":"https:\/\/asenger.de\/blog\/wp-json\/wp\/v2\/comments?post=174"}],"version-history":[{"count":5,"href":"https:\/\/asenger.de\/blog\/wp-json\/wp\/v2\/pages\/174\/revisions"}],"predecessor-version":[{"id":2836,"href":"https:\/\/asenger.de\/blog\/wp-json\/wp\/v2\/pages\/174\/revisions\/2836"}],"wp:attachment":[{"href":"https:\/\/asenger.de\/blog\/wp-json\/wp\/v2\/media?parent=174"}],"curies":[{"name":"wp","href":"https:\/\/api.w.org\/{rel}","templated":true}]}}